{"id":21,"date":"2013-01-09T16:01:26","date_gmt":"2013-01-09T16:01:26","guid":{"rendered":"http:\/\/blog.universidades-rusia.com\/br\/?page_id=21"},"modified":"2024-10-13T04:38:19","modified_gmt":"2024-10-13T06:38:19","slug":"contatos","status":"publish","type":"page","link":"https:\/\/blog.universidades-rusia.com\/br\/contatos\/","title":{"rendered":"Contato"},"content":{"rendered":"\n<p>Voc\u00ea tem alguma d\u00favida ou consulta? deseja fazer um contato profissional ? Escreva para: info(arroba)faculdadesrussas.com ou se desejar pode preencher o seguinte formul\u00e1rio:<\/p>\n\n\n\n<div class=\"wpcf7 no-js\" id=\"wpcf7-f6071-o1\" lang=\"es-ES\" dir=\"ltr\" data-wpcf7-id=\"6071\">\n<div class=\"screen-reader-response\"><p role=\"status\" aria-live=\"polite\" aria-atomic=\"true\"><\/p> <ul><\/ul><\/div>\n<form action=\"\/br\/wp-json\/wp\/v2\/pages\/21#wpcf7-f6071-o1\" method=\"post\" class=\"wpcf7-form init\" aria-label=\"Formulario de contacto\" novalidate=\"novalidate\" data-status=\"init\">\n<div style=\"display: none;\">\n<input type=\"hidden\" name=\"_wpcf7\" value=\"6071\" \/>\n<input type=\"hidden\" name=\"_wpcf7_version\" value=\"6.0.6\" \/>\n<input type=\"hidden\" name=\"_wpcf7_locale\" value=\"es_ES\" \/>\n<input type=\"hidden\" name=\"_wpcf7_unit_tag\" value=\"wpcf7-f6071-o1\" \/>\n<input type=\"hidden\" name=\"_wpcf7_container_post\" value=\"0\" \/>\n<input type=\"hidden\" name=\"_wpcf7_posted_data_hash\" value=\"\" \/>\n<\/div>\n\t\t\t\t<style>\n\t\t\t\t\t.uacf7-uacf7style-6071 label {\n\t\t\t\t\t\tfont-style: normal;font-weight: normal;\t\t\t\t\t}\n\n\t\t\t\t\t.uacf7-uacf7style-6071 input[type=\"email\"],\n\t\t\t\t\t.uacf7-uacf7style-6071 input[type=\"number\"],\n\t\t\t\t\t.uacf7-uacf7style-6071 input[type=\"password\"],\n\t\t\t\t\t.uacf7-uacf7style-6071 input[type=\"search\"],\n\t\t\t\t\t.uacf7-uacf7style-6071 input[type=\"tel\"],\n\t\t\t\t\t.uacf7-uacf7style-6071 input[type=\"text\"],\n\t\t\t\t\t.uacf7-uacf7style-6071 input[type=\"url\"],\n\t\t\t\t\t.uacf7-uacf7style-6071 input[type=\"date\"],\n\t\t\t\t\t.uacf7-uacf7style-6071 select,\n\t\t\t\t\t.uacf7-uacf7style-6071 textarea {\n\t\t\t\t\t\tfont-style: normal;font-weight: normal;border-style: solid;\t\t\t\t\t}\n\n\t\t\t\t\t.uacf7-uacf7style-6071 .wpcf7-radio span,\n\t\t\t\t\t.uacf7-uacf7style-6071 .wpcf7-checkbox span {\n\t\t\t\t\t\tfont-style: normal;font-weight: normal;\t\t\t\t\t}\n\n\t\t\t\t\t.uacf7-uacf7style-6071 textarea {\n\t\t\t\t\t\t\t\t\t\t\t}\n\n\t\t\t\t\t.wpcf7-form-control-wrap select {\n\t\t\t\t\t\twidth: 100%;\n\t\t\t\t\t}\n\n\t\t\t\t\t.uacf7-uacf7style-6071 input[type=\"submit\"] {\n\t\t\t\t\t\tfont-style: normal;font-weight: normal;border-style: none;\t\t\t\t\t}\n\n\t\t\t\t\t.uacf7-uacf7style-6071 input[type=\"submit\"]:hover {\n\t\t\t\t\t\t\t\t\t\t\t}\n\n\t\t\t\t\t\t\t\t\t<\/style>\n\n\t\t\t\t<div class=\"uacf7-uacf7style uacf7-uacf7style-6071\"><div class=\"uacf7-form-6071  uacf7-uacf7style uacf7-uacf7style-6071\"><label> Nome <\/br>\n <span class=\"wpcf7-form-control-wrap\" data-name=\"your-name\"><input size=\"40\" maxlength=\"400\" class=\"wpcf7-form-control wpcf7-text wpcf7-validates-as-required\" autocomplete=\"name\" aria-required=\"true\" aria-invalid=\"false\" value=\"\" type=\"text\" name=\"your-name\" \/><\/span> <\/label>\n\n<label> Telefone<\/br>\n<span class=\"wpcf7-form-control-wrap\" data-name=\"number-921\"><input class=\"wpcf7-form-control wpcf7-number wpcf7-validates-as-required wpcf7-validates-as-number\" aria-required=\"true\" aria-invalid=\"false\" value=\"\" type=\"number\" name=\"number-921\" \/><\/span> <\/label>\n\n<label> E-mail<\/br>\n <span class=\"wpcf7-form-control-wrap\" data-name=\"your-email\"><input size=\"40\" maxlength=\"400\" class=\"wpcf7-form-control wpcf7-email wpcf7-validates-as-required wpcf7-text wpcf7-validates-as-email\" autocomplete=\"email\" aria-required=\"true\" aria-invalid=\"false\" value=\"\" type=\"email\" name=\"your-email\" \/><\/span> <\/label>\n\n<label> Pa\u00eds<\/br>\n<span class=\"wpcf7-form-control-wrap\" data-name=\"text-867\"><input size=\"40\" maxlength=\"400\" class=\"wpcf7-form-control wpcf7-text wpcf7-validates-as-required\" aria-required=\"true\" aria-invalid=\"false\" value=\"\" type=\"text\" name=\"text-867\" \/><\/span> <\/label>\n\n<label> O que voc\u00ea gostaria de estudar? Exemplo: rela\u00e7\u00f5es internacionais, p\u00f3s-gradua\u00e7\u00e3<\/br>\n<span class=\"wpcf7-form-control-wrap\" data-name=\"text-885\"><input size=\"40\" maxlength=\"400\" class=\"wpcf7-form-control wpcf7-text wpcf7-validates-as-required\" aria-required=\"true\" aria-invalid=\"false\" value=\"\" type=\"text\" name=\"text-885\" \/><\/span><\/label>\n\n<input class=\"wpcf7-form-control wpcf7-submit has-spinner\" type=\"submit\" value=\"Enviar Formul\u00e1rio\" \/><\/div><\/div><p style=\"display: none !important;\" class=\"akismet-fields-container\" data-prefix=\"_wpcf7_ak_\"><label>&#916;<textarea name=\"_wpcf7_ak_hp_textarea\" cols=\"45\" rows=\"8\" maxlength=\"100\"><\/textarea><\/label><input type=\"hidden\" id=\"ak_js_1\" name=\"_wpcf7_ak_js\" value=\"162\"\/><script>document.getElementById( \"ak_js_1\" ).setAttribute( \"value\", ( new Date() ).getTime() );<\/script><\/p><div class=\"wpcf7-response-output\" aria-hidden=\"true\"><\/div>\n<\/form>\n<\/div>\n\n","protected":false},"excerpt":{"rendered":"<p>Voc\u00ea tem alguma d\u00favida ou consulta? deseja fazer um contato profissional ? Escreva para: info(arroba)faculdadesrussas.com ou se desejar pode preencher o seguinte formul\u00e1rio:<\/p>\n","protected":false},"author":1,"featured_media":5060,"parent":0,"menu_order":6,"comment_status":"closed","ping_status":"closed","template":"","meta":{"footnotes":""},"class_list":["post-21","page","type-page","status-publish","has-post-thumbnail","hentry"],"aioseo_notices":[],"_links":{"self":[{"href":"https:\/\/blog.universidades-rusia.com\/br\/wp-json\/wp\/v2\/pages\/21","targetHints":{"allow":["GET"]}}],"collection":[{"href":"https:\/\/blog.universidades-rusia.com\/br\/wp-json\/wp\/v2\/pages"}],"about":[{"href":"https:\/\/blog.universidades-rusia.com\/br\/wp-json\/wp\/v2\/types\/page"}],"author":[{"embeddable":true,"href":"https:\/\/blog.universidades-rusia.com\/br\/wp-json\/wp\/v2\/users\/1"}],"replies":[{"embeddable":true,"href":"https:\/\/blog.universidades-rusia.com\/br\/wp-json\/wp\/v2\/comments?post=21"}],"version-history":[{"count":16,"href":"https:\/\/blog.universidades-rusia.com\/br\/wp-json\/wp\/v2\/pages\/21\/revisions"}],"predecessor-version":[{"id":6106,"href":"https:\/\/blog.universidades-rusia.com\/br\/wp-json\/wp\/v2\/pages\/21\/revisions\/6106"}],"wp:featuredmedia":[{"embeddable":true,"href":"https:\/\/blog.universidades-rusia.com\/br\/wp-json\/wp\/v2\/media\/5060"}],"wp:attachment":[{"href":"https:\/\/blog.universidades-rusia.com\/br\/wp-json\/wp\/v2\/media?parent=21"}],"curies":[{"name":"wp","href":"https:\/\/api.w.org\/{rel}","templated":true}]}}